{"id":128,"date":"2018-10-24T16:08:56","date_gmt":"2018-10-24T16:08:56","guid":{"rendered":"http:\/\/tedfes.com\/?page_id=128"},"modified":"2020-09-29T08:14:48","modified_gmt":"2020-09-29T08:14:48","slug":"partners","status":"publish","type":"page","link":"https:\/\/tedfes.com\/en\/partners\/","title":{"rendered":"Partners"},"content":{"rendered":"<\/div><\/div><\/div><!-- close content main div --><\/div><\/div><div id='full_slider_1' class='avia-fullwidth-slider main_color avia-shadow  container_wrap sidebar_right'   ><div  data-size='featured_large'  data-lightbox_size='large'  data-animation='slide'  data-ids='289'  data-video_counter='0'  data-autoplay='false'  data-bg_slider='false'  data-slide_height=''  data-handle='av_slideshow_full'  data-interval='5'  data-class=' image_no_stretch'  data-css_id=''  data-scroll_down=''  data-control_layout='av-control-default'  data-custom_markup=''  data-perma_caption=''  data-autoplay_stopper=''  data-image_attachment=''  data-min_height='0px'  data-src=''  data-position='top left'  data-repeat='no-repeat'  data-attach='scroll'  data-stretch='image_no_stretch'  data-default-height='42'  class='avia-slideshow avia-slideshow-1  av-control-default av-default-height-applied avia-slideshow-featured_large av_slideshow_full  image_no_stretch avia-slide-slider '  itemscope=\"itemscope\" itemtype=\"https:\/\/schema.org\/ImageObject\" ><ul class='avia-slideshow-inner' style='padding-bottom: 28.666666666667%;'><li  class=' av-single-slide slide-1 ' ><div data-rel='slideshow-1' class='avia-slide-wrap'  ><img src='https:\/\/tedfes.com\/wp-content\/uploads\/2019\/02\/socios-wide-1500x430.jpg' width='1500' height='430' title='socios-wide' alt=''  itemprop=\"thumbnailUrl\"   \/><\/div><\/li><\/ul><\/div><\/div>\n<\/div><\/div><\/div><!-- close content main div --><\/div><\/div><div id='partners' class='av-tab-section-container entry-content-wrapper main_color av-tab-no-transition  av-tab-above-content  container_wrap sidebar_right'   ><div class='av-tab-section-outer-container'><div class='av-tab-section-tab-title-container avia-tab-title-padding-default ' ><a href='#Ambar' data-av-tab-section-title='1' class='av-section-tab-title av-active-tab-title av-tab-no-icon av-tab-with-image noHover  '><img class='av-tab-section-image' src='https:\/\/tedfes.com\/wp-content\/uploads\/2020\/02\/logo-square-new-180x180.png' alt='' title='' \/><span class='av-outer-tab-title'><span class='av-inner-tab-title'>Ambar<\/span><\/span><span class='av-tab-arrow-container'><span><\/span><\/span><\/a><a href='#GIF' data-av-tab-section-title='2' class='av-section-tab-title  av-tab-no-icon av-tab-with-image noHover  '><img class='av-tab-section-image' src='https:\/\/tedfes.com\/wp-content\/uploads\/2019\/01\/logo-gif-square-180x180.png' alt='' title='' \/><span class='av-outer-tab-title'><span class='av-inner-tab-title'>GIF<\/span><\/span><span class='av-tab-arrow-container'><span><\/span><\/span><\/a><a href='#IDIVAL' data-av-tab-section-title='3' class='av-section-tab-title  av-tab-no-icon av-tab-with-image noHover  '><img class='av-tab-section-image' src='https:\/\/tedfes.com\/wp-content\/uploads\/2019\/01\/logo-idival-square-180x180.png' alt='' title='' \/><span class='av-outer-tab-title'><span class='av-inner-tab-title'>IDIVAL<\/span><\/span><span class='av-tab-arrow-container'><span><\/span><\/span><\/a><\/div><div class='av-tab-section-inner-container avia-section-small' style='width:300vw; left:0%;'><span class='av_prev_tab_section av_tab_navigation'><\/span><span class='av_next_tab_section av_tab_navigation'><\/span>\n<div data-av-tab-section-content=\"1\" class=\"av-layout-tab av-animation-delay-container av-active-tab-content __av_init_open   \" style='vertical-align:middle; '  data-tab-section-id=\"Ambar\"><div class='av-layout-tab-inner'><div class='container'><section class=\"av_textblock_section\"  itemscope=\"itemscope\" itemtype=\"https:\/\/schema.org\/CreativeWork\" ><div class='avia_textblock '   itemprop=\"text\" ><p><img loading=\"lazy\" class=\"alignleft wp-image-527 size-medium\" src=\"http:\/\/tedfes.com\/wp-content\/uploads\/2020\/02\/Logo-AMBAR-TELECOMUNICACIONES-color--300x91.jpg\" alt=\"\" width=\"300\" height=\"91\" srcset=\"https:\/\/tedfes.com\/wp-content\/uploads\/2020\/02\/Logo-AMBAR-TELECOMUNICACIONES-color--300x91.jpg 300w, https:\/\/tedfes.com\/wp-content\/uploads\/2020\/02\/Logo-AMBAR-TELECOMUNICACIONES-color--1030x314.jpg 1030w, https:\/\/tedfes.com\/wp-content\/uploads\/2020\/02\/Logo-AMBAR-TELECOMUNICACIONES-color--768x234.jpg 768w, https:\/\/tedfes.com\/wp-content\/uploads\/2020\/02\/Logo-AMBAR-TELECOMUNICACIONES-color--705x215.jpg 705w, https:\/\/tedfes.com\/wp-content\/uploads\/2020\/02\/Logo-AMBAR-TELECOMUNICACIONES-color--450x137.jpg 450w, https:\/\/tedfes.com\/wp-content\/uploads\/2020\/02\/Logo-AMBAR-TELECOMUNICACIONES-color-.jpg 1128w\" sizes=\"(max-width: 300px) 100vw, 300px\" \/>AMBAR, coordinator of the TeDFES project, is a telecommunications systems company and is also active in the development of new systems, specialized in the global integration of communication systems. \u200bIts activity is focused on the design, installation and maintenance of convergent solutions within the fields of Cybersecurity, Data, Voice, Security \/ Energy and Image. Likewise, it actively works in the development of R + D + i projects, some of which have the support of public entities that promote innovation and technological development of Spanish companies. AMBAR applies Research, Development and innovation to all the products and services they commercialize, in order to present innovative and cutting-edge proposals to customers that contribute to a more prosperous society. Currently, AMBAR has more than 1,600 clients, including 17 IBEX35 companies, for which we design, install and integrate Telephony, Data, Videoconference, Security and Image systems.<\/p>\n<p align=\"justify\"><span style=\"color: #0563c1;\"><u><a href=\"https:\/\/ambar.es\/\">https:\/\/ambar.es\/<\/a><\/u><\/span><\/p>\n<\/div><\/section>\n<\/div><\/div><\/div><div data-av-tab-section-content=\"2\" class=\"av-layout-tab av-animation-delay-container    \" style='vertical-align:middle; '  data-tab-section-id=\"GIF\"><div class='av-layout-tab-inner'><div class='container'><section class=\"av_textblock_section\"  itemscope=\"itemscope\" itemtype=\"https:\/\/schema.org\/CreativeWork\" ><div class='avia_textblock '   itemprop=\"text\" ><p><img loading=\"lazy\" class=\"alignleft size-medium wp-image-73\" src=\"http:\/\/tedfes.com\/wp-content\/uploads\/2018\/12\/logo-gif-300x92.png\" alt=\"\" width=\"300\" height=\"92\" srcset=\"https:\/\/tedfes.com\/wp-content\/uploads\/2018\/12\/logo-gif-300x92.png 300w, https:\/\/tedfes.com\/wp-content\/uploads\/2018\/12\/logo-gif.png 327w\" sizes=\"(max-width: 300px) 100vw, 300px\" \/>The <a href=\"http:\/\/gif.teisa.unican.es\/\">Photonics Engineering Group<\/a> (PEG) of the <a href=\"https:\/\/web.unican.es\">University of Cantabria<\/a> generates knowledge and technique in the Photonic field with a special focus on solving real problems (not yet resolved or insufficiently determined) and, in the search for their solution, generate knowledge and technique that gives rise to publications, thesis and patents.\u00a0<span lang=\"EN-GB\">Since its foundation PEG has been focused on Photonic\/Optical\/Fiber optic sensors; fiber light sources; Optoelectronics Instrumentation; Techniques of detection, Measurement and Monitoring of events and processes using image for any sector of application.\u00a0<\/span><span lang=\"EN-GB\">Without neglecting collaborations proposed from other sectors, PEG has recently decided to focus its work on R&amp;D&amp;I, mainly, in life sciences and health. This decision is backed by a great progress in the Photonics knowledge, methods and techniques able to be used in biological sciences and health that are significantly contributing to the solution of several of the &#8220;societal challenges&#8221; of our time.\u00a0<\/span>PEG has joined the Centro de Investigaci\u00f3n Biom\u00e9dica en Red (CIBER-BBN) of IS Carlos III (2016), and also joined at the Instituto de Investigaci\u00f3n Sanitaria de Valdecilla (IDIVAL) and set the\u00a0Photonics for the Life and Health\u00a0program.<\/p>\n<p align=\"justify\"><span style=\"color: #0563c1;\"><u><a href=\"http:\/\/gif.teisa.unican.es\/\">http:\/\/gif.teisa.unican.es\/<\/a><\/u><\/span><\/p>\n<\/div><\/section>\n<\/div><\/div><\/div><div data-av-tab-section-content=\"3\" class=\"av-layout-tab av-animation-delay-container    \" style='vertical-align:middle; '  data-tab-section-id=\"IDIVAL\"><div class='av-layout-tab-inner'><div class='container'><section class=\"av_textblock_section\"  itemscope=\"itemscope\" itemtype=\"https:\/\/schema.org\/CreativeWork\" ><div class='avia_textblock '   itemprop=\"text\" ><p><img loading=\"lazy\" class=\"alignleft size-medium wp-image-118\" src=\"http:\/\/tedfes.com\/wp-content\/uploads\/2019\/01\/logo-idival-1-300x102.png\" alt=\"\" width=\"300\" height=\"102\" \/><\/p>\n<div>\n<div>\n<div>\n<div><a href=\"https:\/\/www.idival.org\/en\">IDIVAL<\/a> is the Health Research Institute of Cantabria composed of the <a href=\"http:\/\/www.humv.es\">Marqu\u00e9s de Valdecilla University Hospital<\/a> and the <a href=\"https:\/\/web.unican.es\/\">University of Cantabria<\/a>. In 2014 it became a foundation and in March 2015 IDIVAL was accredited by the Spanish Institute of Health Carlos III as a reference Institutes for Health Research in Spain meaning that the biomedical research performed at IDIVAL meets the highest standards of quality. IDIVAL promotes and develops research and innovation in the biomedical environment of Cantabria, being the epicentre the Marqu\u00e9s de Valdecilla University Hospital. It is focused on seeking solutions to health problems and contributing to the scientific, educational, social and economic growth of this region. IDIVAL fosters basic-clinical collaborations and a fast-growing and excellent research activity, specifically oriented to generate new knowledge helping to solve the medical problems of the population.<\/div>\n<\/div>\n<\/div>\n<\/div>\n<p align=\"justify\"><span style=\"color: #0563c1;\"><u><a href=\"https:\/\/www.idival.org\/en\">https:\/\/www.idival.org\/en\/<\/a><\/u><\/span><\/p>\n<\/div><\/section>\n<\/div><\/div><\/div>\n<\/div><\/div><\/div>\n<\/div><\/div><\/div><!-- close content main div --><\/div><\/div><div id='av_section_1' class='avia-section main_color avia-section-no-padding avia-no-border-styling avia-bg-style-scroll  container_wrap sidebar_right'   ><div class='container' ><div class='template-page content  av-content-small alpha units'><div class='post-entry post-entry-type-page post-entry-128'><div class='entry-content-wrapper clearfix'>\n<div class='av-social-sharing-box  av-social-sharing-box-minimal'><div class='av-share-box'><ul class='av-share-box-list noLightbox'><li class='av-share-link av-social-link-facebook' ><a target='_blank' href='http:\/\/www.facebook.com\/sharer.php?u=https:\/\/tedfes.com\/en\/partners\/&amp;t=Partners' aria-hidden='true' data-av_icon='\ue8f3' data-av_iconfont='entypo-fontello' title='' data-avia-related-tooltip='Share on Facebook'><span class='avia_hidden_link_text'>Share on Facebook<\/span><\/a><\/li><li class='av-share-link av-social-link-twitter' ><a target='_blank' href='https:\/\/twitter.com\/share?text=Partners&url=https:\/\/tedfes.com\/en\/?p=128' aria-hidden='true' data-av_icon='\ue8f1' data-av_iconfont='entypo-fontello' title='' data-avia-related-tooltip='Share on Twitter'><span class='avia_hidden_link_text'>Share on Twitter<\/span><\/a><\/li><li class='av-share-link av-social-link-linkedin' ><a target='_blank' href='http:\/\/linkedin.com\/shareArticle?mini=true&amp;title=Partners&amp;url=https:\/\/tedfes.com\/en\/partners\/' aria-hidden='true' data-av_icon='\ue8fc' data-av_iconfont='entypo-fontello' title='' data-avia-related-tooltip='Share on Linkedin'><span class='avia_hidden_link_text'>Share on Linkedin<\/span><\/a><\/li><li class='av-share-link av-social-link-mail' ><a  href='mailto:?subject=Partners&amp;body=https:\/\/tedfes.com\/en\/partners\/' aria-hidden='true' data-av_icon='\ue805' data-av_iconfont='entypo-fontello' title='' data-avia-related-tooltip='Share by Mail'><span class='avia_hidden_link_text'>Share by Mail<\/span><\/a><\/li><\/ul><\/div><\/div>\n<\/div><\/div><\/div><!-- close content main div --><\/div><\/div><div id='after_section_1' class='main_color av_default_container_wrap container_wrap sidebar_right'   ><div class='container' ><div class='template-page content  av-content-small alpha units'><div class='post-entry post-entry-type-page post-entry-128'><div class='entry-content-wrapper clearfix'>\n","protected":false},"excerpt":{"rendered":"","protected":false},"author":1,"featured_media":0,"parent":0,"menu_order":0,"comment_status":"closed","ping_status":"closed","template":"","meta":[],"yoast_head":"<!-- This site is optimized with the Yoast SEO plugin v19.10 - https:\/\/yoast.com\/wordpress\/plugins\/seo\/ -->\n<title>Partners - TeDFES<\/title>\n<meta name=\"description\" content=\"Tecnolog\u00edas y Dispositivos Fot\u00f3nicos para el Envejecimiento Saludable\" \/>\n<meta name=\"robots\" content=\"index, follow, max-snippet:-1, max-image-preview:large, max-video-preview:-1\" \/>\n<link rel=\"canonical\" href=\"https:\/\/tedfes.com\/en\/partners\/\" \/>\n<meta property=\"og:locale\" content=\"en_US\" \/>\n<meta property=\"og:type\" content=\"article\" \/>\n<meta property=\"og:title\" content=\"Partners - TeDFES\" \/>\n<meta property=\"og:description\" content=\"Tecnolog\u00edas y Dispositivos Fot\u00f3nicos para el Envejecimiento Saludable\" \/>\n<meta property=\"og:url\" content=\"https:\/\/tedfes.com\/en\/partners\/\" \/>\n<meta property=\"og:site_name\" content=\"TeDFES\" \/>\n<meta property=\"article:modified_time\" content=\"2020-09-29T08:14:48+00:00\" \/>\n<meta property=\"og:image\" content=\"http:\/\/tedfes.com\/wp-content\/uploads\/2020\/02\/Logo-AMBAR-TELECOMUNICACIONES-color--300x91.jpg\" \/>\n<meta name=\"twitter:card\" content=\"summary_large_image\" \/>\n<meta name=\"twitter:label1\" content=\"Est. reading time\" \/>\n\t<meta name=\"twitter:data1\" content=\"5 minutes\" \/>\n<!-- \/ Yoast SEO plugin. -->","yoast_head_json":{"title":"Partners - TeDFES","description":"Tecnolog\u00edas y Dispositivos Fot\u00f3nicos para el Envejecimiento Saludable","robots":{"index":"index","follow":"follow","max-snippet":"max-snippet:-1","max-image-preview":"max-image-preview:large","max-video-preview":"max-video-preview:-1"},"canonical":"https:\/\/tedfes.com\/en\/partners\/","og_locale":"en_US","og_type":"article","og_title":"Partners - TeDFES","og_description":"Tecnolog\u00edas y Dispositivos Fot\u00f3nicos para el Envejecimiento Saludable","og_url":"https:\/\/tedfes.com\/en\/partners\/","og_site_name":"TeDFES","article_modified_time":"2020-09-29T08:14:48+00:00","og_image":[{"url":"http:\/\/tedfes.com\/wp-content\/uploads\/2020\/02\/Logo-AMBAR-TELECOMUNICACIONES-color--300x91.jpg"}],"twitter_card":"summary_large_image","twitter_misc":{"Est. reading time":"5 minutes"},"schema":{"@context":"https:\/\/schema.org","@graph":[{"@type":"WebPage","@id":"https:\/\/tedfes.com\/en\/partners\/","url":"https:\/\/tedfes.com\/en\/partners\/","name":"Partners - TeDFES","isPartOf":{"@id":"https:\/\/tedfes.com\/#website"},"datePublished":"2018-10-24T16:08:56+00:00","dateModified":"2020-09-29T08:14:48+00:00","description":"Tecnolog\u00edas y Dispositivos Fot\u00f3nicos para el Envejecimiento Saludable","breadcrumb":{"@id":"https:\/\/tedfes.com\/en\/partners\/#breadcrumb"},"inLanguage":"en-US","potentialAction":[{"@type":"ReadAction","target":["https:\/\/tedfes.com\/en\/partners\/"]}]},{"@type":"BreadcrumbList","@id":"https:\/\/tedfes.com\/en\/partners\/#breadcrumb","itemListElement":[{"@type":"ListItem","position":1,"name":"Home","item":"https:\/\/tedfes.com\/en\/"},{"@type":"ListItem","position":2,"name":"Partners"}]},{"@type":"WebSite","@id":"https:\/\/tedfes.com\/#website","url":"https:\/\/tedfes.com\/","name":"TeDFES","description":"Tecnolog\u00edas y dispositivos fot\u00f3nicos para el envejecimiento saludable","publisher":{"@id":"https:\/\/tedfes.com\/#organization"},"potentialAction":[{"@type":"SearchAction","target":{"@type":"EntryPoint","urlTemplate":"https:\/\/tedfes.com\/?s={search_term_string}"},"query-input":"required name=search_term_string"}],"inLanguage":"en-US"},{"@type":"Organization","@id":"https:\/\/tedfes.com\/#organization","name":"TeDFES","url":"https:\/\/tedfes.com\/","logo":{"@type":"ImageObject","inLanguage":"en-US","@id":"https:\/\/tedfes.com\/#\/schema\/logo\/image\/","url":"https:\/\/tedfes.com\/wp-content\/uploads\/2020\/02\/tedfes.png","contentUrl":"https:\/\/tedfes.com\/wp-content\/uploads\/2020\/02\/tedfes.png","width":258,"height":92,"caption":"TeDFES"},"image":{"@id":"https:\/\/tedfes.com\/#\/schema\/logo\/image\/"}}]}},"_links":{"self":[{"href":"https:\/\/tedfes.com\/en\/wp-json\/wp\/v2\/pages\/128"}],"collection":[{"href":"https:\/\/tedfes.com\/en\/wp-json\/wp\/v2\/pages"}],"about":[{"href":"https:\/\/tedfes.com\/en\/wp-json\/wp\/v2\/types\/page"}],"author":[{"embeddable":true,"href":"https:\/\/tedfes.com\/en\/wp-json\/wp\/v2\/users\/1"}],"replies":[{"embeddable":true,"href":"https:\/\/tedfes.com\/en\/wp-json\/wp\/v2\/comments?post=128"}],"version-history":[{"count":0,"href":"https:\/\/tedfes.com\/en\/wp-json\/wp\/v2\/pages\/128\/revisions"}],"wp:attachment":[{"href":"https:\/\/tedfes.com\/en\/wp-json\/wp\/v2\/media?parent=128"}],"curies":[{"name":"wp","href":"https:\/\/api.w.org\/{rel}","templated":true}]}}